{"id":709,"date":"2017-05-25T11:46:58","date_gmt":"2017-05-25T14:46:58","guid":{"rendered":"http:\/\/www.riosrf.org\/?page_id=709"},"modified":"2017-08-25T14:33:58","modified_gmt":"2017-08-25T17:33:58","slug":"fotos-da-convencao-monastica-rio-2017","status":"publish","type":"page","link":"https:\/\/www.riosrf.org\/en\/fotos-da-convencao-monastica-rio-2017\/","title":{"rendered":"Fotos da Conven\u00e7\u00e3o Mon\u00e1stica Rio 2017"},"content":{"rendered":"<p class=\"qtranxs-available-languages-message qtranxs-available-languages-message-en\">Sorry, this entry is only available in <a href=\"https:\/\/www.riosrf.org\/pb\/wp-json\/wp\/v2\/pages\/709\" class=\"qtranxs-available-language-link qtranxs-available-language-link-pb\" title=\"Portugu\u00eas do Brasil\">Portugu\u00eas do Brasil<\/a>.<\/p>","protected":false},"excerpt":{"rendered":"<p>Sorry, this entry is only available in Portugu\u00eas do Brasil.<\/p>\n","protected":false},"author":2,"featured_media":710,"parent":0,"menu_order":0,"comment_status":"closed","ping_status":"closed","template":"","meta":{"_acf_changed":false,"footnotes":""},"class_list":["post-709","page","type-page","status-publish","has-post-thumbnail","hentry"],"acf":[],"_links":{"self":[{"href":"https:\/\/www.riosrf.org\/en\/wp-json\/wp\/v2\/pages\/709","targetHints":{"allow":["GET"]}}],"collection":[{"href":"https:\/\/www.riosrf.org\/en\/wp-json\/wp\/v2\/pages"}],"about":[{"href":"https:\/\/www.riosrf.org\/en\/wp-json\/wp\/v2\/types\/page"}],"author":[{"embeddable":true,"href":"https:\/\/www.riosrf.org\/en\/wp-json\/wp\/v2\/users\/2"}],"replies":[{"embeddable":true,"href":"https:\/\/www.riosrf.org\/en\/wp-json\/wp\/v2\/comments?post=709"}],"version-history":[{"count":4,"href":"https:\/\/www.riosrf.org\/en\/wp-json\/wp\/v2\/pages\/709\/revisions"}],"predecessor-version":[{"id":1005,"href":"https:\/\/www.riosrf.org\/en\/wp-json\/wp\/v2\/pages\/709\/revisions\/1005"}],"wp:featuredmedia":[{"embeddable":true,"href":"https:\/\/www.riosrf.org\/en\/wp-json\/wp\/v2\/media\/710"}],"wp:attachment":[{"href":"https:\/\/www.riosrf.org\/en\/wp-json\/wp\/v2\/media?parent=709"}],"curies":[{"name":"wp","href":"https:\/\/api.w.org\/{rel}","templated":true}]}}