{"id":3698,"date":"2025-05-21T09:02:50","date_gmt":"2025-05-21T12:02:50","guid":{"rendered":"https:\/\/www.riosrf.org\/?page_id=3698"},"modified":"2025-05-21T09:02:50","modified_gmt":"2025-05-21T12:02:50","slug":"orientacoes-basicas-para-os-greeters","status":"publish","type":"page","link":"https:\/\/www.riosrf.org\/en\/orientacoes-basicas-para-os-greeters\/","title":{"rendered":"Orienta\u00e7\u00f5es B\u00e1sicas para os Greeters"},"content":{"rendered":"<p class=\"qtranxs-available-languages-message qtranxs-available-languages-message-en\">Sorry, this entry is only available in <a href=\"https:\/\/www.riosrf.org\/pb\/wp-json\/wp\/v2\/pages\/3698\" class=\"qtranxs-available-language-link qtranxs-available-language-link-pb\" title=\"Portugu\u00eas do Brasil\">Portugu\u00eas do Brasil<\/a>.<\/p>","protected":false},"excerpt":{"rendered":"<p>Sorry, this entry is only available in Portugu\u00eas do Brasil.<\/p>\n","protected":false},"author":2,"featured_media":0,"parent":0,"menu_order":0,"comment_status":"closed","ping_status":"closed","template":"","meta":{"_acf_changed":false,"footnotes":""},"class_list":["post-3698","page","type-page","status-publish","hentry"],"acf":[],"_links":{"self":[{"href":"https:\/\/www.riosrf.org\/en\/wp-json\/wp\/v2\/pages\/3698","targetHints":{"allow":["GET"]}}],"collection":[{"href":"https:\/\/www.riosrf.org\/en\/wp-json\/wp\/v2\/pages"}],"about":[{"href":"https:\/\/www.riosrf.org\/en\/wp-json\/wp\/v2\/types\/page"}],"author":[{"embeddable":true,"href":"https:\/\/www.riosrf.org\/en\/wp-json\/wp\/v2\/users\/2"}],"replies":[{"embeddable":true,"href":"https:\/\/www.riosrf.org\/en\/wp-json\/wp\/v2\/comments?post=3698"}],"version-history":[{"count":1,"href":"https:\/\/www.riosrf.org\/en\/wp-json\/wp\/v2\/pages\/3698\/revisions"}],"predecessor-version":[{"id":3700,"href":"https:\/\/www.riosrf.org\/en\/wp-json\/wp\/v2\/pages\/3698\/revisions\/3700"}],"wp:attachment":[{"href":"https:\/\/www.riosrf.org\/en\/wp-json\/wp\/v2\/media?parent=3698"}],"curies":[{"name":"wp","href":"https:\/\/api.w.org\/{rel}","templated":true}]}}