{"id":3516,"date":"2025-01-17T07:27:39","date_gmt":"2025-01-17T10:27:39","guid":{"rendered":"https:\/\/www.riosrf.org\/?page_id=3516"},"modified":"2025-01-21T06:27:39","modified_gmt":"2025-01-21T09:27:39","slug":"orientacoes-para-votacao","status":"publish","type":"page","link":"https:\/\/www.riosrf.org\/en\/orientacoes-para-votacao\/","title":{"rendered":"Orienta\u00e7\u00f5es para vota\u00e7\u00e3o"},"content":{"rendered":"<p class=\"qtranxs-available-languages-message qtranxs-available-languages-message-en\">Sorry, this entry is only available in <a href=\"https:\/\/www.riosrf.org\/pb\/wp-json\/wp\/v2\/pages\/3516\" class=\"qtranxs-available-language-link qtranxs-available-language-link-pb\" title=\"Portugu\u00eas do Brasil\">Portugu\u00eas do Brasil<\/a>.<\/p>","protected":false},"excerpt":{"rendered":"<p>Sorry, this entry is only available in Portugu\u00eas do Brasil.<\/p>\n","protected":false},"author":2,"featured_media":3515,"parent":0,"menu_order":0,"comment_status":"closed","ping_status":"closed","template":"","meta":{"_acf_changed":false,"footnotes":""},"class_list":["post-3516","page","type-page","status-publish","has-post-thumbnail","hentry"],"acf":[],"_links":{"self":[{"href":"https:\/\/www.riosrf.org\/en\/wp-json\/wp\/v2\/pages\/3516","targetHints":{"allow":["GET"]}}],"collection":[{"href":"https:\/\/www.riosrf.org\/en\/wp-json\/wp\/v2\/pages"}],"about":[{"href":"https:\/\/www.riosrf.org\/en\/wp-json\/wp\/v2\/types\/page"}],"author":[{"embeddable":true,"href":"https:\/\/www.riosrf.org\/en\/wp-json\/wp\/v2\/users\/2"}],"replies":[{"embeddable":true,"href":"https:\/\/www.riosrf.org\/en\/wp-json\/wp\/v2\/comments?post=3516"}],"version-history":[{"count":7,"href":"https:\/\/www.riosrf.org\/en\/wp-json\/wp\/v2\/pages\/3516\/revisions"}],"predecessor-version":[{"id":3551,"href":"https:\/\/www.riosrf.org\/en\/wp-json\/wp\/v2\/pages\/3516\/revisions\/3551"}],"wp:featuredmedia":[{"embeddable":true,"href":"https:\/\/www.riosrf.org\/en\/wp-json\/wp\/v2\/media\/3515"}],"wp:attachment":[{"href":"https:\/\/www.riosrf.org\/en\/wp-json\/wp\/v2\/media?parent=3516"}],"curies":[{"name":"wp","href":"https:\/\/api.w.org\/{rel}","templated":true}]}}