{"id":3299,"date":"2024-03-19T16:00:08","date_gmt":"2024-03-19T19:00:08","guid":{"rendered":"https:\/\/www.riosrf.org\/?page_id=3299"},"modified":"2026-01-16T12:16:44","modified_gmt":"2026-01-16T15:16:44","slug":"escola-de-meditacao-para-criancas-e-adolescentes","status":"publish","type":"page","link":"https:\/\/www.riosrf.org\/en\/escola-de-meditacao-para-criancas-e-adolescentes\/","title":{"rendered":"Escola de Medita\u00e7\u00e3o para Crian\u00e7as e Adolescentes"},"content":{"rendered":"<p class=\"qtranxs-available-languages-message qtranxs-available-languages-message-en\">Sorry, this entry is only available in <a href=\"https:\/\/www.riosrf.org\/pb\/wp-json\/wp\/v2\/pages\/3299\" class=\"qtranxs-available-language-link qtranxs-available-language-link-pb\" title=\"Portugu\u00eas do Brasil\">Portugu\u00eas do Brasil<\/a>.<\/p>","protected":false},"excerpt":{"rendered":"<p>Sorry, this entry is only available in Portugu\u00eas do Brasil.<\/p>\n","protected":false},"author":2,"featured_media":3300,"parent":0,"menu_order":0,"comment_status":"closed","ping_status":"closed","template":"","meta":{"_acf_changed":false,"footnotes":""},"class_list":["post-3299","page","type-page","status-publish","has-post-thumbnail","hentry"],"acf":[],"_links":{"self":[{"href":"https:\/\/www.riosrf.org\/en\/wp-json\/wp\/v2\/pages\/3299","targetHints":{"allow":["GET"]}}],"collection":[{"href":"https:\/\/www.riosrf.org\/en\/wp-json\/wp\/v2\/pages"}],"about":[{"href":"https:\/\/www.riosrf.org\/en\/wp-json\/wp\/v2\/types\/page"}],"author":[{"embeddable":true,"href":"https:\/\/www.riosrf.org\/en\/wp-json\/wp\/v2\/users\/2"}],"replies":[{"embeddable":true,"href":"https:\/\/www.riosrf.org\/en\/wp-json\/wp\/v2\/comments?post=3299"}],"version-history":[{"count":11,"href":"https:\/\/www.riosrf.org\/en\/wp-json\/wp\/v2\/pages\/3299\/revisions"}],"predecessor-version":[{"id":3851,"href":"https:\/\/www.riosrf.org\/en\/wp-json\/wp\/v2\/pages\/3299\/revisions\/3851"}],"wp:featuredmedia":[{"embeddable":true,"href":"https:\/\/www.riosrf.org\/en\/wp-json\/wp\/v2\/media\/3300"}],"wp:attachment":[{"href":"https:\/\/www.riosrf.org\/en\/wp-json\/wp\/v2\/media?parent=3299"}],"curies":[{"name":"wp","href":"https:\/\/api.w.org\/{rel}","templated":true}]}}